{"id":141,"date":"2016-08-23T20:59:12","date_gmt":"2016-08-23T19:59:12","guid":{"rendered":"http:\/\/aeriesco.cluster014.ovh.net\/?page_id=141"},"modified":"2021-11-09T12:14:30","modified_gmt":"2021-11-09T11:14:30","slug":"controle-de-gestion","status":"publish","type":"page","link":"https:\/\/aeriesconsulting.com\/?page_id=141","title":{"rendered":"CONTROLE DE GESTION"},"content":{"rendered":"\n<p><\/p>\n\n\n<h1 class=\"entry-content\">\u00a0<\/h1>\n<h1 style=\"text-align: center;\"><span style=\"color: #333399; font-size: 18pt;\">Nous appr\u00e9hendons le contr\u00f4le de gestion comme un ensemble de missions complexes visant \u00e0 piloter globalement l&rsquo;organisation dans une perspective d&rsquo;am\u00e9lioration durable<\/span><\/h1>\n<p><span style=\"color: #ffffff;\">&#8211;<\/span><\/p>\n<p style=\"text-align: center;\"><span style=\"color: #333399; font-size: 14pt;\">Mise en place de tableaux de bord p\u00e9rennes\u00a0permettant de comprendre et de mesurer les r\u00e9sultats<\/span><\/p>\n<p style=\"text-align: center;\"><span style=\"font-size: 14pt;\"><span style=\"color: #333399;\">Analyse et suivi des donn\u00e9es au travers de reportings p\u00e9riodiques et automatis\u00e9s<\/span><\/span><\/p>\n<p style=\"text-align: center;\"><span style=\"color: #333399; font-size: 14pt;\">Pr\u00e9paration des budgets et des forecasts \u00e0 granularit\u00e9s variables<\/span><\/p>\n<p style=\"text-align: center;\"><span style=\"font-size: 14pt;\"><span style=\"color: #333399;\">Cr\u00e9ation de rapports d\u2019analyse multidimensionnelle<\/span><\/span><\/p>\n<p style=\"text-align: center;\"><span style=\"font-size: 14pt;\"><span style=\"color: #333399;\">Etude de rentabilit\u00e9 \/ s<\/span><span style=\"color: #333399;\">uivi des effectifs<\/span><\/span><\/p>\n<p style=\"text-align: center;\"><span style=\"color: #333399; font-size: 14pt;\">Contr\u00f4le\u00a0de la performance d\u2019actifs financiers<\/span><\/p>\n<p style=\"text-align: center;\"><span style=\"color: #333399; font-size: 14pt;\">Renforcement du contr\u00f4le interne<\/span><\/p>","protected":false},"excerpt":{"rendered":"<p>\u00a0 Nous appr\u00e9hendons le contr\u00f4le de gestion comme un ensemble de missions complexes visant \u00e0 piloter globalement l&rsquo;organisation dans une perspective d&rsquo;am\u00e9lioration durable &#8211; Mise en place de tableaux de bord p\u00e9rennes\u00a0permettant de comprendre et de mesurer les r\u00e9sultats Analyse et suivi des donn\u00e9es au travers de reportings p\u00e9riodiques et automatis\u00e9s Pr\u00e9paration des budgets et [&hellip;]<\/p>\n","protected":false},"author":1,"featured_media":0,"parent":86,"menu_order":0,"comment_status":"closed","ping_status":"closed","template":"","meta":[],"_links":{"self":[{"href":"https:\/\/aeriesconsulting.com\/index.php?rest_route=\/wp\/v2\/pages\/141"}],"collection":[{"href":"https:\/\/aeriesconsulting.com\/index.php?rest_route=\/wp\/v2\/pages"}],"about":[{"href":"https:\/\/aeriesconsulting.com\/index.php?rest_route=\/wp\/v2\/types\/page"}],"author":[{"embeddable":true,"href":"https:\/\/aeriesconsulting.com\/index.php?rest_route=\/wp\/v2\/users\/1"}],"replies":[{"embeddable":true,"href":"https:\/\/aeriesconsulting.com\/index.php?rest_route=%2Fwp%2Fv2%2Fcomments&post=141"}],"version-history":[{"count":23,"href":"https:\/\/aeriesconsulting.com\/index.php?rest_route=\/wp\/v2\/pages\/141\/revisions"}],"predecessor-version":[{"id":1045,"href":"https:\/\/aeriesconsulting.com\/index.php?rest_route=\/wp\/v2\/pages\/141\/revisions\/1045"}],"up":[{"embeddable":true,"href":"https:\/\/aeriesconsulting.com\/index.php?rest_route=\/wp\/v2\/pages\/86"}],"wp:attachment":[{"href":"https:\/\/aeriesconsulting.com\/index.php?rest_route=%2Fwp%2Fv2%2Fmedia&parent=141"}],"curies":[{"name":"wp","href":"https:\/\/api.w.org\/{rel}","templated":true}]}}