{"id":144,"date":"2016-08-23T21:00:40","date_gmt":"2016-08-23T20:00:40","guid":{"rendered":"http:\/\/aeriesco.cluster014.ovh.net\/?page_id=144"},"modified":"2023-12-03T12:48:24","modified_gmt":"2023-12-03T11:48:24","slug":"comptabilite","status":"publish","type":"page","link":"https:\/\/aeriesconsulting.com\/?page_id=144","title":{"rendered":"COMPTABILITE ET REPORTINGS REGLEMENTAIRES"},"content":{"rendered":"<h1 class=\"entry-content\">\u00a0<\/h1>\n<h1 class=\"entry-content\" style=\"text-align: center;\"><span style=\"color: #333399; font-size: 18pt;\">Le d\u00e9cloisonnement des fonctions financi\u00e8res devient essentiel pour une plus grande coh\u00e9rences des reportings<\/span><\/h1>\n<p><span style=\"color: #ffffff; font-size: 14pt;\"><strong><span style=\"font-family: helvetica,arial,sans-serif;\"><u>&#8211;<\/u><\/span><\/strong><\/span><\/p>\n<p style=\"text-align: center;\"><span style=\"color: #333399; font-family: helvetica,arial,sans-serif; font-size: 14pt;\">Conception d\u2019outils de supervision permettant un suivi temps r\u00e9el des flux comptables et de inventaires<\/span><\/p>\n<p style=\"text-align: center;\"><span style=\"color: #333399; font-family: helvetica,arial,sans-serif; font-size: 14pt;\">Accompagnement des projets r\u00e9glementaires IFRS9, BCBS239, ANACREDIT, ANATITRES, FINREP<\/span><\/p>\n<p style=\"text-align: center;\"><span style=\"color: #333399; font-size: 14pt;\"><span style=\"font-family: helvetica,arial,sans-serif;\">\u00c9laboration de sch\u00e9mas comptables et param\u00e9trage d&rsquo;interpr\u00e9teurs comptables<\/span><\/span><\/p>\n<p style=\"text-align: center;\"><span style=\"color: #333399; font-family: helvetica,arial,sans-serif; font-size: 14pt;\">Optimisation des contr\u00f4les et de la piste d&rsquo;audit pour une meilleure ma\u00eetrise<\/span><\/p>\n\n\n<p><\/p>\n","protected":false},"excerpt":{"rendered":"<p>\u00a0 Le d\u00e9cloisonnement des fonctions financi\u00e8res devient essentiel pour une plus grande coh\u00e9rences des reportings &#8211; Conception d\u2019outils de supervision permettant un suivi temps r\u00e9el des flux comptables et de inventaires Accompagnement des projets r\u00e9glementaires IFRS9, BCBS239, ANACREDIT, ANATITRES, FINREP \u00c9laboration de sch\u00e9mas comptables et param\u00e9trage d&rsquo;interpr\u00e9teurs comptables Optimisation des contr\u00f4les et de la piste [&hellip;]<\/p>\n","protected":false},"author":1,"featured_media":0,"parent":86,"menu_order":0,"comment_status":"closed","ping_status":"closed","template":"","meta":[],"_links":{"self":[{"href":"https:\/\/aeriesconsulting.com\/index.php?rest_route=\/wp\/v2\/pages\/144"}],"collection":[{"href":"https:\/\/aeriesconsulting.com\/index.php?rest_route=\/wp\/v2\/pages"}],"about":[{"href":"https:\/\/aeriesconsulting.com\/index.php?rest_route=\/wp\/v2\/types\/page"}],"author":[{"embeddable":true,"href":"https:\/\/aeriesconsulting.com\/index.php?rest_route=\/wp\/v2\/users\/1"}],"replies":[{"embeddable":true,"href":"https:\/\/aeriesconsulting.com\/index.php?rest_route=%2Fwp%2Fv2%2Fcomments&post=144"}],"version-history":[{"count":28,"href":"https:\/\/aeriesconsulting.com\/index.php?rest_route=\/wp\/v2\/pages\/144\/revisions"}],"predecessor-version":[{"id":1093,"href":"https:\/\/aeriesconsulting.com\/index.php?rest_route=\/wp\/v2\/pages\/144\/revisions\/1093"}],"up":[{"embeddable":true,"href":"https:\/\/aeriesconsulting.com\/index.php?rest_route=\/wp\/v2\/pages\/86"}],"wp:attachment":[{"href":"https:\/\/aeriesconsulting.com\/index.php?rest_route=%2Fwp%2Fv2%2Fmedia&parent=144"}],"curies":[{"name":"wp","href":"https:\/\/api.w.org\/{rel}","templated":true}]}}