{"id":2,"date":"2016-08-12T10:29:30","date_gmt":"2016-08-12T09:29:30","guid":{"rendered":"http:\/\/aeriesco.cluster014.ovh.net\/?page_id=2"},"modified":"2021-11-09T14:32:02","modified_gmt":"2021-11-09T13:32:02","slug":"page-accueil","status":"publish","type":"page","link":"https:\/\/aeriesconsulting.com\/","title":{"rendered":""},"content":{"rendered":"\n<p class=\"has-text-align-center has-text-color has-medium-font-size\" style=\"color:#333399\">Un changement de r\u00e9glementation, une r\u00e9organisation, une nouvelle offre de service, une mise en place d&rsquo;un nouveau syst\u00e8me d&rsquo;information ?<\/p>\n\n\n\n<p class=\"has-text-align-center has-text-color has-medium-font-size\" style=\"color:#333399\">Aeries Consulting accompagne ses clients de la phase de cadrage \u00e0 la mise en \u0153uvre effective pour une r\u00e9ussite totale et durable<\/p>\n\n\n<div id=\"main\" class=\"wrapper\">\n<div id=\"primary\" class=\"site-content\">\n<div id=\"content\">\n<article id=\"post-27\" class=\"post-27 page type-page status-publish hentry\">\n<div id=\"main\" class=\"wrapper\">\n<div id=\"primary\" class=\"site-content\">\n<div id=\"content\">\n<article id=\"post-27\" class=\"post-27 page type-page status-publish hentry\">\n<h1 style=\"text-align: center;\"><span style=\"color: #333399;\">AERIES CONSULTING<\/span><\/h1>\n<p style=\"text-align: center;\"><span style=\"color: #333399;\">5 place Victor HUGO, 75116 Paris &#8211; 01 82 28 19 66<\/span><\/p>\n<h1 style=\"text-align: center;\"><span style=\"color: #333399; font-size: 18pt;\">CONSEIL EN MANAGEMENT DE PROJETS FINANCE &amp; RISQUES<\/span><\/h1>\n<\/article>\n<\/div>\n<\/div>\n<\/div>\n<\/article>\n<\/div>\n<\/div>\n<\/div>\n\n\n<p><\/p>\n\n\n\n<p><\/p>\n","protected":false},"excerpt":{"rendered":"<p>Un changement de r\u00e9glementation, une r\u00e9organisation, une nouvelle offre de service, une mise en place d&rsquo;un nouveau syst\u00e8me d&rsquo;information ? Aeries Consulting accompagne ses clients de la phase de cadrage \u00e0 la mise en \u0153uvre effective pour une r\u00e9ussite totale et durable AERIES CONSULTING 5 place Victor HUGO, 75116 Paris &#8211; 01 82 28 19 [&hellip;]<\/p>\n","protected":false},"author":1,"featured_media":0,"parent":0,"menu_order":0,"comment_status":"closed","ping_status":"closed","template":"","meta":[],"_links":{"self":[{"href":"https:\/\/aeriesconsulting.com\/index.php?rest_route=\/wp\/v2\/pages\/2"}],"collection":[{"href":"https:\/\/aeriesconsulting.com\/index.php?rest_route=\/wp\/v2\/pages"}],"about":[{"href":"https:\/\/aeriesconsulting.com\/index.php?rest_route=\/wp\/v2\/types\/page"}],"author":[{"embeddable":true,"href":"https:\/\/aeriesconsulting.com\/index.php?rest_route=\/wp\/v2\/users\/1"}],"replies":[{"embeddable":true,"href":"https:\/\/aeriesconsulting.com\/index.php?rest_route=%2Fwp%2Fv2%2Fcomments&post=2"}],"version-history":[{"count":73,"href":"https:\/\/aeriesconsulting.com\/index.php?rest_route=\/wp\/v2\/pages\/2\/revisions"}],"predecessor-version":[{"id":1062,"href":"https:\/\/aeriesconsulting.com\/index.php?rest_route=\/wp\/v2\/pages\/2\/revisions\/1062"}],"wp:attachment":[{"href":"https:\/\/aeriesconsulting.com\/index.php?rest_route=%2Fwp%2Fv2%2Fmedia&parent=2"}],"curies":[{"name":"wp","href":"https:\/\/api.w.org\/{rel}","templated":true}]}}