{"id":331,"date":"2016-08-31T23:13:19","date_gmt":"2016-08-31T22:13:19","guid":{"rendered":"http:\/\/aeriesco.cluster014.ovh.net\/?page_id=331"},"modified":"2023-12-03T13:01:44","modified_gmt":"2023-12-03T12:01:44","slug":"gestion-de-projet","status":"publish","type":"page","link":"https:\/\/aeriesconsulting.com\/?page_id=331","title":{"rendered":"GESTION DE PROJET"},"content":{"rendered":"<h1 class=\"entry-content\" style=\"text-align: center;\">\u00a0<\/h1>\n<h1 style=\"text-align: center;\"><span style=\"color: #333399; font-size: 18pt;\">Aeries Consulting propose une m\u00e9thodologie projet agile <\/span><span style=\"color: #333399; font-size: 18pt;\">adapt\u00e9e \u00e0 vos besoins<\/span><\/h1>\n<div style=\"width: 955px;\" class=\"wp-video\"><!--[if lt IE 9]><script>document.createElement('video');<\/script><![endif]-->\n<video class=\"wp-video-shortcode\" id=\"video-331-1\" width=\"955\" height=\"537\" autoplay=\"1\" preload=\"auto\" controls=\"controls\"><source type=\"video\/mp4\" src=\"http:\/\/aeriesconsulting.com\/wp-content\/uploads\/2016\/08\/MethodologieProjetAgileDigitale.mp4?_=1\" \/><a href=\"http:\/\/aeriesconsulting.com\/wp-content\/uploads\/2016\/08\/MethodologieProjetAgileDigitale.mp4\">http:\/\/aeriesconsulting.com\/wp-content\/uploads\/2016\/08\/MethodologieProjetAgileDigitale.mp4<\/a><\/video><\/div>\n<h1 style=\"text-align: center;\"><span style=\"color: #ffffff; font-size: 18pt;\">&#8211;<\/span><\/h1>\n<h1 style=\"text-align: center;\"><span style=\"color: #333399; font-size: 14pt;\">Savoir d\u00e9finir, lancer et faire aboutir un projet sont essentiels. <\/span><span style=\"color: #333399; font-size: 14pt;\">L\u2019objectif du cycle Gestion de projet \u00ab\u00a0<\/span><span style=\"color: #333399; font-size: 14pt;\">Project Management PMBOK, Prince 2 et M\u00e9thodes agiles\u00a0\u00bb <\/span><span style=\"color: #333399; font-size: 14pt;\">est d\u2019en appr\u00e9hender les concepts, de savoir choisir les bons outils\u00a0<\/span><\/h1>\n<p><span style=\"color: #ffffff;\">&#8211;<\/span><\/p>\n<p style=\"text-align: left;\"><span style=\"font-size: 14pt;\"><span style=\"color: #333399;\"><span style=\"color: #ffcc00;\"><strong>Yellow Belt : <\/strong><\/span><\/span><\/span><span style=\"font-size: 14pt;\"><span style=\"color: #333399;\">Appr\u00e9hension des concepts et maitrise d\u2019au moins un livrable de la phase de lancement du projet<\/span><\/span><\/p>\n<p style=\"text-align: left;\"><span style=\"font-size: 14pt;\"><span style=\"color: #333399;\"><strong><span style=\"color: #339966;\">Green Belt :<\/span><\/strong> Appr\u00e9hension des concepts et maitrise d\u2019au moins un livrable pour chacune des \u00e9tapes projet<\/span><\/span><\/p>\n<p style=\"text-align: left;\"><span style=\"font-size: 14pt;\"><span style=\"color: #333399;\"><strong><span style=\"color: #000000;\">Black Belt<\/span> :<\/strong> Appr\u00e9hension des concepts et maitrise d\u2019au moins deux livrables pour chacune des \u00e9tapes projet<\/span><\/span><\/p>\n\n\n<p><\/p>\n","protected":false},"excerpt":{"rendered":"<p>\u00a0 Aeries Consulting propose une m\u00e9thodologie projet agile adapt\u00e9e \u00e0 vos besoins &#8211; Savoir d\u00e9finir, lancer et faire aboutir un projet sont essentiels. L\u2019objectif du cycle Gestion de projet \u00ab\u00a0Project Management PMBOK, Prince 2 et M\u00e9thodes agiles\u00a0\u00bb est d\u2019en appr\u00e9hender les concepts, de savoir choisir les bons outils\u00a0 &#8211; Yellow Belt : Appr\u00e9hension des concepts [&hellip;]<\/p>\n","protected":false},"author":1,"featured_media":0,"parent":74,"menu_order":0,"comment_status":"closed","ping_status":"closed","template":"","meta":[],"_links":{"self":[{"href":"https:\/\/aeriesconsulting.com\/index.php?rest_route=\/wp\/v2\/pages\/331"}],"collection":[{"href":"https:\/\/aeriesconsulting.com\/index.php?rest_route=\/wp\/v2\/pages"}],"about":[{"href":"https:\/\/aeriesconsulting.com\/index.php?rest_route=\/wp\/v2\/types\/page"}],"author":[{"embeddable":true,"href":"https:\/\/aeriesconsulting.com\/index.php?rest_route=\/wp\/v2\/users\/1"}],"replies":[{"embeddable":true,"href":"https:\/\/aeriesconsulting.com\/index.php?rest_route=%2Fwp%2Fv2%2Fcomments&post=331"}],"version-history":[{"count":23,"href":"https:\/\/aeriesconsulting.com\/index.php?rest_route=\/wp\/v2\/pages\/331\/revisions"}],"predecessor-version":[{"id":1101,"href":"https:\/\/aeriesconsulting.com\/index.php?rest_route=\/wp\/v2\/pages\/331\/revisions\/1101"}],"up":[{"embeddable":true,"href":"https:\/\/aeriesconsulting.com\/index.php?rest_route=\/wp\/v2\/pages\/74"}],"wp:attachment":[{"href":"https:\/\/aeriesconsulting.com\/index.php?rest_route=%2Fwp%2Fv2%2Fmedia&parent=331"}],"curies":[{"name":"wp","href":"https:\/\/api.w.org\/{rel}","templated":true}]}}