{"id":335,"date":"2016-08-31T23:17:05","date_gmt":"2016-08-31T22:17:05","guid":{"rendered":"http:\/\/aeriesco.cluster014.ovh.net\/?page_id=335"},"modified":"2021-11-09T14:48:47","modified_gmt":"2021-11-09T13:48:47","slug":"reglementation-prudentielle","status":"publish","type":"page","link":"https:\/\/aeriesconsulting.com\/?page_id=335","title":{"rendered":"REGLEMENTATION"},"content":{"rendered":"<h1><\/h1>\n<h1 style=\"text-align: center;\"><span style=\"color: #333399; font-size: 18pt;\">Comprendre les enjeux des derni\u00e8res r\u00e9glementations et comment les transformer en opportunit\u00e9s\u00a0<\/span><\/h1>\n<p><span style=\"color: #ffffff;\">&#8211;<\/span><\/p>\n<p style=\"text-align: center;\"><span style=\"color: #333399; font-size: 14pt;\">De B\u00e2le 1 \u00e0 B\u00e2le 4<\/span><\/p>\n<p style=\"text-align: center;\"><span style=\"color: #333399; font-size: 14pt;\">Finrep<\/span><\/p>\n<p style=\"text-align: center;\"><span style=\"color: #333399; font-size: 14pt;\">Notion d\u2019app\u00e9tit au risque<\/span><\/p>\n<p style=\"text-align: center;\"><span style=\"color: #333399; font-size: 14pt;\">Anacr\u00e9dit\/Anatitres<\/span><\/p>\n<p style=\"text-align: center;\"><span style=\"color: #333399; font-size: 14pt;\">Nouveau d\u00e9faut<\/span><\/p>\n<p style=\"text-align: center;\"><span style=\"color: #333399; font-size: 14pt;\">Cartographie des risques. Exhaustivit\u00e9. Fr\u00e9quence. Impact. Dispositif de ma\u00eetrise des risques<\/span><\/p>\n<p style=\"text-align: center;\"><span style=\"color: #333399; font-size: 14pt;\">Qualit\u00e9 des donn\u00e9es \u2013 BCBS 239<\/span><\/p>\n<p style=\"text-align: center;\"><span style=\"color: #333399; font-size: 14pt;\">Cybers\u00e9curit\u00e9<\/span><\/p>\n","protected":false},"excerpt":{"rendered":"<p>Comprendre les enjeux des derni\u00e8res r\u00e9glementations et comment les transformer en opportunit\u00e9s\u00a0 &#8211; De B\u00e2le 1 \u00e0 B\u00e2le 4 Finrep Notion d\u2019app\u00e9tit au risque Anacr\u00e9dit\/Anatitres Nouveau d\u00e9faut Cartographie des risques. Exhaustivit\u00e9. Fr\u00e9quence. Impact. Dispositif de ma\u00eetrise des risques Qualit\u00e9 des donn\u00e9es \u2013 BCBS 239 Cybers\u00e9curit\u00e9<\/p>\n","protected":false},"author":1,"featured_media":0,"parent":74,"menu_order":0,"comment_status":"closed","ping_status":"closed","template":"","meta":[],"_links":{"self":[{"href":"https:\/\/aeriesconsulting.com\/index.php?rest_route=\/wp\/v2\/pages\/335"}],"collection":[{"href":"https:\/\/aeriesconsulting.com\/index.php?rest_route=\/wp\/v2\/pages"}],"about":[{"href":"https:\/\/aeriesconsulting.com\/index.php?rest_route=\/wp\/v2\/types\/page"}],"author":[{"embeddable":true,"href":"https:\/\/aeriesconsulting.com\/index.php?rest_route=\/wp\/v2\/users\/1"}],"replies":[{"embeddable":true,"href":"https:\/\/aeriesconsulting.com\/index.php?rest_route=%2Fwp%2Fv2%2Fcomments&post=335"}],"version-history":[{"count":12,"href":"https:\/\/aeriesconsulting.com\/index.php?rest_route=\/wp\/v2\/pages\/335\/revisions"}],"predecessor-version":[{"id":1072,"href":"https:\/\/aeriesconsulting.com\/index.php?rest_route=\/wp\/v2\/pages\/335\/revisions\/1072"}],"up":[{"embeddable":true,"href":"https:\/\/aeriesconsulting.com\/index.php?rest_route=\/wp\/v2\/pages\/74"}],"wp:attachment":[{"href":"https:\/\/aeriesconsulting.com\/index.php?rest_route=%2Fwp%2Fv2%2Fmedia&parent=335"}],"curies":[{"name":"wp","href":"https:\/\/api.w.org\/{rel}","templated":true}]}}