{"id":547,"date":"2017-03-06T21:56:57","date_gmt":"2017-03-06T20:56:57","guid":{"rendered":"http:\/\/aeriesconsulting.com\/?page_id=547"},"modified":"2021-11-09T14:52:05","modified_gmt":"2021-11-09T13:52:05","slug":"fintech","status":"publish","type":"page","link":"https:\/\/aeriesconsulting.com\/?page_id=547","title":{"rendered":"FINTECH\/DIGITAL"},"content":{"rendered":"<div><\/div>\n<div><\/div>\n<div>\n<h1 style=\"text-align: center;\"><span style=\"color: #333399; font-size: 18pt;\">Nous accompagnons les Fintechs pour une ma\u00eetrise durable de leur croissance<\/span><\/h1>\n<p style=\"text-align: center;\"><a href=\"http:\/\/aeriesconsulting.com\/wp-content\/uploads\/2017\/03\/station-F2.jpg\"><img loading=\"lazy\" class=\"alignnone  wp-image-573\" src=\"http:\/\/aeriesconsulting.com\/wp-content\/uploads\/2017\/03\/station-F2-300x169.jpg\" alt=\"\" width=\"270\" height=\"152\" srcset=\"https:\/\/aeriesconsulting.com\/wp-content\/uploads\/2017\/03\/station-F2-300x169.jpg 300w, https:\/\/aeriesconsulting.com\/wp-content\/uploads\/2017\/03\/station-F2-768x434.jpg 768w, https:\/\/aeriesconsulting.com\/wp-content\/uploads\/2017\/03\/station-F2.jpg 1024w\" sizes=\"(max-width: 270px) 100vw, 270px\" \/><\/a><\/p>\n<p><span style=\"color: #ffffff;\">&#8211;<\/span><\/p>\n<p style=\"text-align: center;\"><span style=\"color: #333399; font-size: 14pt;\"><strong>Ma\u00eetrise des m\u00e9thodes agiles<\/strong> <\/span><\/p>\n<p style=\"text-align: center;\"><strong><span style=\"font-size: 14pt;\"><span style=\"color: #333399;\">Cr\u00e9ation d&rsquo;<\/span><span style=\"color: #333399;\">animations vid\u00e9os<\/span><\/span><\/strong><\/p>\n<div style=\"width: 955px;\" class=\"wp-video\"><!--[if lt IE 9]><script>document.createElement('video');<\/script><![endif]-->\n<video class=\"wp-video-shortcode\" id=\"video-547-1\" width=\"955\" height=\"537\" autoplay=\"1\" preload=\"metadata\" controls=\"controls\"><source type=\"video\/mp4\" src=\"http:\/\/aeriesconsulting.com\/wp-content\/uploads\/2017\/03\/AeriesAnimationVideo.mp4?_=1\" \/><a href=\"http:\/\/aeriesconsulting.com\/wp-content\/uploads\/2017\/03\/AeriesAnimationVideo.mp4\">http:\/\/aeriesconsulting.com\/wp-content\/uploads\/2017\/03\/AeriesAnimationVideo.mp4<\/a><\/video><\/div>\n<div style=\"text-align: center;\">\n<div><span style=\"color: #ffffff; font-size: 14pt;\">\u00a0&#8211;<\/span><\/div>\n<\/div>\n<p style=\"text-align: center;\"><span style=\"color: #333399;\"><strong><span style=\"font-size: 14pt;\">Management de campagnes de financement participatif <\/span><\/strong><\/span><\/p>\n<p style=\"text-align: center;\"><span style=\"color: #333399; font-size: 14pt;\">(pr\u00e9 ventes , cr\u00e9dit, fonds propres, royalties)<\/span><\/p>\n<\/div>\n","protected":false},"excerpt":{"rendered":"<p>Nous accompagnons les Fintechs pour une ma\u00eetrise durable de leur croissance &#8211; Ma\u00eetrise des m\u00e9thodes agiles Cr\u00e9ation d&rsquo;animations vid\u00e9os \u00a0&#8211; Management de campagnes de financement participatif (pr\u00e9 ventes , cr\u00e9dit, fonds propres, royalties)<\/p>\n","protected":false},"author":1,"featured_media":0,"parent":2,"menu_order":0,"comment_status":"closed","ping_status":"closed","template":"","meta":[],"_links":{"self":[{"href":"https:\/\/aeriesconsulting.com\/index.php?rest_route=\/wp\/v2\/pages\/547"}],"collection":[{"href":"https:\/\/aeriesconsulting.com\/index.php?rest_route=\/wp\/v2\/pages"}],"about":[{"href":"https:\/\/aeriesconsulting.com\/index.php?rest_route=\/wp\/v2\/types\/page"}],"author":[{"embeddable":true,"href":"https:\/\/aeriesconsulting.com\/index.php?rest_route=\/wp\/v2\/users\/1"}],"replies":[{"embeddable":true,"href":"https:\/\/aeriesconsulting.com\/index.php?rest_route=%2Fwp%2Fv2%2Fcomments&post=547"}],"version-history":[{"count":29,"href":"https:\/\/aeriesconsulting.com\/index.php?rest_route=\/wp\/v2\/pages\/547\/revisions"}],"predecessor-version":[{"id":1099,"href":"https:\/\/aeriesconsulting.com\/index.php?rest_route=\/wp\/v2\/pages\/547\/revisions\/1099"}],"up":[{"embeddable":true,"href":"https:\/\/aeriesconsulting.com\/index.php?rest_route=\/wp\/v2\/pages\/2"}],"wp:attachment":[{"href":"https:\/\/aeriesconsulting.com\/index.php?rest_route=%2Fwp%2Fv2%2Fmedia&parent=547"}],"curies":[{"name":"wp","href":"https:\/\/api.w.org\/{rel}","templated":true}]}}