{"id":62,"date":"2016-08-21T08:21:25","date_gmt":"2016-08-21T07:21:25","guid":{"rendered":"http:\/\/aeriesco.cluster014.ovh.net\/?page_id=62"},"modified":"2023-12-03T12:37:47","modified_gmt":"2023-12-03T11:37:47","slug":"valeurs","status":"publish","type":"page","link":"https:\/\/aeriesconsulting.com\/?page_id=62","title":{"rendered":"ADN"},"content":{"rendered":"\n<h1 class=\"entry-content\"><span style=\"color: #333399; font-size: 18pt;\">&nbsp;Nos Valeurs : L&rsquo;\u00e9l\u00e9gance dans la performance<\/span><\/h1>\n\n\n\n<div class=\"wp-block-image\"><figure class=\"alignleft\"><a href=\"https:\/\/aeriesconsulting.com\/wp-content\/uploads\/2019\/07\/running-handicap.jpg\"><img loading=\"lazy\" width=\"300\" height=\"214\" src=\"https:\/\/aeriesconsulting.com\/wp-content\/uploads\/2019\/07\/running-handicap-300x214.jpg\" alt=\"\" class=\"wp-image-692\" srcset=\"https:\/\/aeriesconsulting.com\/wp-content\/uploads\/2019\/07\/running-handicap-300x214.jpg 300w, https:\/\/aeriesconsulting.com\/wp-content\/uploads\/2019\/07\/running-handicap-768x549.jpg 768w, https:\/\/aeriesconsulting.com\/wp-content\/uploads\/2019\/07\/running-handicap-1024x731.jpg 1024w\" sizes=\"(max-width: 300px) 100vw, 300px\" \/><\/a><\/figure><\/div>\n\n\n\n<p><span style=\"color: #333399; font-size: 14pt;\"><strong>Enthousiasme<\/strong><\/span> : <span style=\"color: #333399; font-size: 14pt;\">Entretenir votre motivation sera notre plus grand d\u00e9fi<\/span><\/p>\n\n\n\n<p class=\"has-text-align-left\"><span style=\"color: #333399; font-size: 14pt;\"><strong>Cr\u00e9ativit\u00e9<\/strong> : AERIES Consulting souhaite attirer des consultants curieux et \u00e0 la recherche de solutions nouvelles\u00a0<\/span><\/p>\n\n\n\n<p class=\"has-text-align-left\"><span style=\"color: #333399; font-size: 14pt;\"><strong>Pragmatisme<\/strong><\/span> : <span style=\"color: #333399; font-size: 14pt;\"> AERIES Consulting fera confiance aux hommes et femmes de talent ayant un projet personnel ambitieux et r\u00e9aliste<\/span><\/p>\n\n\n\n<p><\/p>\n\n\n\n<p class=\"has-text-align-left\"><span style=\"color: #333399; font-size: 14pt;\"><strong>Esprit d\u2019\u00e9quipe<\/strong> : Si comme nous, vous croyez que l\u2019\u00e9quipe est plus forte que la somme des individualit\u00e9s qui la compose alors AERIES Consulting saura vous aider \u00e0 aller encore plus loin, durablement<\/span><\/p>\n\n\n\n<p class=\"has-text-align-left\"><span style=\"color: #333399; font-size: 14pt;\"><strong>El\u00e9gance<\/strong><\/span> : <span style=\"color: #333399; font-size: 14pt;\"> AERIES Consulting recherche des femmes et des hommes fiables au niveau de leur savoir-faire mais aussi de leur savoir-\u00eatre<\/span><\/p>\n\n\n\n<p class=\"has-text-align-left\"><span style=\"color: #333399; font-size: 14pt;\"><strong>Courage<\/strong> : Le courage est la valeur qui se manifeste lors des circonstances extr\u00eames, celle qui caract\u00e9rise les grandes personnalit\u00e9s<\/span><\/p>\n\n\n\n<p><\/p>\n","protected":false},"excerpt":{"rendered":"<p>&nbsp;Nos Valeurs : L&rsquo;\u00e9l\u00e9gance dans la performance Enthousiasme : Entretenir votre motivation sera notre plus grand d\u00e9fi Cr\u00e9ativit\u00e9 : AERIES Consulting souhaite attirer des consultants curieux et \u00e0 la recherche de solutions nouvelles\u00a0 Pragmatisme : AERIES Consulting fera confiance aux hommes et femmes de talent ayant un projet personnel ambitieux et r\u00e9aliste Esprit d\u2019\u00e9quipe : [&hellip;]<\/p>\n","protected":false},"author":1,"featured_media":0,"parent":2,"menu_order":0,"comment_status":"closed","ping_status":"closed","template":"","meta":[],"_links":{"self":[{"href":"https:\/\/aeriesconsulting.com\/index.php?rest_route=\/wp\/v2\/pages\/62"}],"collection":[{"href":"https:\/\/aeriesconsulting.com\/index.php?rest_route=\/wp\/v2\/pages"}],"about":[{"href":"https:\/\/aeriesconsulting.com\/index.php?rest_route=\/wp\/v2\/types\/page"}],"author":[{"embeddable":true,"href":"https:\/\/aeriesconsulting.com\/index.php?rest_route=\/wp\/v2\/users\/1"}],"replies":[{"embeddable":true,"href":"https:\/\/aeriesconsulting.com\/index.php?rest_route=%2Fwp%2Fv2%2Fcomments&post=62"}],"version-history":[{"count":50,"href":"https:\/\/aeriesconsulting.com\/index.php?rest_route=\/wp\/v2\/pages\/62\/revisions"}],"predecessor-version":[{"id":1090,"href":"https:\/\/aeriesconsulting.com\/index.php?rest_route=\/wp\/v2\/pages\/62\/revisions\/1090"}],"up":[{"embeddable":true,"href":"https:\/\/aeriesconsulting.com\/index.php?rest_route=\/wp\/v2\/pages\/2"}],"wp:attachment":[{"href":"https:\/\/aeriesconsulting.com\/index.php?rest_route=%2Fwp%2Fv2%2Fmedia&parent=62"}],"curies":[{"name":"wp","href":"https:\/\/api.w.org\/{rel}","templated":true}]}}