{"id":74,"date":"2016-08-21T08:50:12","date_gmt":"2016-08-21T07:50:12","guid":{"rendered":"http:\/\/aeriesco.cluster014.ovh.net\/?page_id=74"},"modified":"2023-12-03T13:00:31","modified_gmt":"2023-12-03T12:00:31","slug":"formation","status":"publish","type":"page","link":"https:\/\/aeriesconsulting.com\/?page_id=74","title":{"rendered":"FORMATION"},"content":{"rendered":"<h1 class=\"entry-content\"><\/h1>\n<h1 class=\"entry-content\" style=\"text-align: center;\"><span style=\"font-size: 18pt; color: #333399;\">D\u00e9ployez votre talent et ceux de vos \u00e9quipes avec nos formations &amp; certifications<\/span><\/h1>\n<h1 style=\"text-align: center;\"><span style=\"font-size: 18pt; color: #333399;\">Dotez vous des meilleures m\u00e9thodologies pour r\u00e9ussir vos projets et votre transformation digitale<\/span><\/h1>\n","protected":false},"excerpt":{"rendered":"<p>D\u00e9ployez votre talent et ceux de vos \u00e9quipes avec nos formations &amp; certifications Dotez vous des meilleures m\u00e9thodologies pour r\u00e9ussir vos projets et votre transformation digitale<\/p>\n","protected":false},"author":1,"featured_media":0,"parent":0,"menu_order":0,"comment_status":"closed","ping_status":"closed","template":"","meta":[],"_links":{"self":[{"href":"https:\/\/aeriesconsulting.com\/index.php?rest_route=\/wp\/v2\/pages\/74"}],"collection":[{"href":"https:\/\/aeriesconsulting.com\/index.php?rest_route=\/wp\/v2\/pages"}],"about":[{"href":"https:\/\/aeriesconsulting.com\/index.php?rest_route=\/wp\/v2\/types\/page"}],"author":[{"embeddable":true,"href":"https:\/\/aeriesconsulting.com\/index.php?rest_route=\/wp\/v2\/users\/1"}],"replies":[{"embeddable":true,"href":"https:\/\/aeriesconsulting.com\/index.php?rest_route=%2Fwp%2Fv2%2Fcomments&post=74"}],"version-history":[{"count":17,"href":"https:\/\/aeriesconsulting.com\/index.php?rest_route=\/wp\/v2\/pages\/74\/revisions"}],"predecessor-version":[{"id":1100,"href":"https:\/\/aeriesconsulting.com\/index.php?rest_route=\/wp\/v2\/pages\/74\/revisions\/1100"}],"wp:attachment":[{"href":"https:\/\/aeriesconsulting.com\/index.php?rest_route=%2Fwp%2Fv2%2Fmedia&parent=74"}],"curies":[{"name":"wp","href":"https:\/\/api.w.org\/{rel}","templated":true}]}}