{"id":86,"date":"2016-08-21T18:19:07","date_gmt":"2016-08-21T17:19:07","guid":{"rendered":"http:\/\/aeriesco.cluster014.ovh.net\/?page_id=86"},"modified":"2023-12-03T12:43:17","modified_gmt":"2023-12-03T11:43:17","slug":"offres-conseil","status":"publish","type":"page","link":"https:\/\/aeriesconsulting.com\/?page_id=86","title":{"rendered":"CONSEIL"},"content":{"rendered":"<h1 class=\"entry-content\"><\/h1>\n<h1 class=\"entry-content\" style=\"text-align: center;\"><span style=\"color: #333399; font-size: 18pt;\">Pluridisciplinaires, ma\u00eetrisant les m\u00e9thodes de conseil les plus \u00e9prouv\u00e9es, nos\u00a0consultants Organisateurs \/ MOA contribuent \u00e0 acc\u00e9l\u00e9rer la transformation des id\u00e9es en r\u00e9alit\u00e9<\/span><span style=\"color: #333399; font-size: 12pt;\"><br \/>\n<\/span><\/h1>\n<h2 class=\"entry-content\" style=\"text-align: center;\"><span style=\"font-size: 14pt;\"><span style=\"color: #333399;\">Elaboration des sch\u00e9mas directeurs<br \/>\nEtude de cadrage<br \/>\nAssistance au pilotage de programme \/ projet<br \/>\nPMO transverse<br \/>\nAnalyse \/ optimisation \/ refonte de processus<br \/>\nSp\u00e9cifications fonctionnelles<br \/>\nD\u00e9finition de la strat\u00e9gie de recette<br \/>\nR\u00e9alisation des campagnes de test<br \/>\nConduite du changement<\/span><\/span><\/h2>\n<div style=\"width: 955px;\" class=\"wp-video\"><!--[if lt IE 9]><script>document.createElement('video');<\/script><![endif]-->\n<video class=\"wp-video-shortcode\" id=\"video-86-1\" width=\"955\" height=\"537\" autoplay=\"1\" preload=\"metadata\" controls=\"controls\"><source type=\"video\/mp4\" src=\"http:\/\/aeriesconsulting.com\/wp-content\/uploads\/2016\/08\/A\u00e9riesVideoD\u00e9veloppement.mp4?_=1\" \/><a href=\"http:\/\/aeriesconsulting.com\/wp-content\/uploads\/2016\/08\/A\u00e9riesVideoD\u00e9veloppement.mp4\">http:\/\/aeriesconsulting.com\/wp-content\/uploads\/2016\/08\/A\u00e9riesVideoD\u00e9veloppement.mp4<\/a><\/video><\/div>\n","protected":false},"excerpt":{"rendered":"<p>Pluridisciplinaires, ma\u00eetrisant les m\u00e9thodes de conseil les plus \u00e9prouv\u00e9es, nos\u00a0consultants Organisateurs \/ MOA contribuent \u00e0 acc\u00e9l\u00e9rer la transformation des id\u00e9es en r\u00e9alit\u00e9 Elaboration des sch\u00e9mas directeurs Etude de cadrage Assistance au pilotage de programme \/ projet PMO transverse Analyse \/ optimisation \/ refonte de processus Sp\u00e9cifications fonctionnelles D\u00e9finition de la strat\u00e9gie de recette R\u00e9alisation des [&hellip;]<\/p>\n","protected":false},"author":1,"featured_media":0,"parent":2,"menu_order":0,"comment_status":"closed","ping_status":"closed","template":"","meta":[],"_links":{"self":[{"href":"https:\/\/aeriesconsulting.com\/index.php?rest_route=\/wp\/v2\/pages\/86"}],"collection":[{"href":"https:\/\/aeriesconsulting.com\/index.php?rest_route=\/wp\/v2\/pages"}],"about":[{"href":"https:\/\/aeriesconsulting.com\/index.php?rest_route=\/wp\/v2\/types\/page"}],"author":[{"embeddable":true,"href":"https:\/\/aeriesconsulting.com\/index.php?rest_route=\/wp\/v2\/users\/1"}],"replies":[{"embeddable":true,"href":"https:\/\/aeriesconsulting.com\/index.php?rest_route=%2Fwp%2Fv2%2Fcomments&post=86"}],"version-history":[{"count":33,"href":"https:\/\/aeriesconsulting.com\/index.php?rest_route=\/wp\/v2\/pages\/86\/revisions"}],"predecessor-version":[{"id":1091,"href":"https:\/\/aeriesconsulting.com\/index.php?rest_route=\/wp\/v2\/pages\/86\/revisions\/1091"}],"up":[{"embeddable":true,"href":"https:\/\/aeriesconsulting.com\/index.php?rest_route=\/wp\/v2\/pages\/2"}],"wp:attachment":[{"href":"https:\/\/aeriesconsulting.com\/index.php?rest_route=%2Fwp%2Fv2%2Fmedia&parent=86"}],"curies":[{"name":"wp","href":"https:\/\/api.w.org\/{rel}","templated":true}]}}