{"id":91,"date":"2016-08-21T18:24:19","date_gmt":"2016-08-21T17:24:19","guid":{"rendered":"http:\/\/aeriesco.cluster014.ovh.net\/?page_id=91"},"modified":"2023-12-03T12:57:33","modified_gmt":"2023-12-03T11:57:33","slug":"risques","status":"publish","type":"page","link":"https:\/\/aeriesconsulting.com\/?page_id=91","title":{"rendered":"RISQUES"},"content":{"rendered":"<h1 class=\"entry-content\">\u00a0<\/h1>\n<h1 style=\"text-align: center;\"><span style=\"color: #333399; font-size: 18pt;\">Nous voyons la r\u00e8glementation comme une opportunit\u00e9 permettant de mieux g\u00e9rer les risques<\/span><b><u><\/u><\/b><\/h1>\n<p style=\"text-align: center;\"><span style=\"color: #ffffff;\">&#8211;<\/span><\/p>\n<p style=\"text-align: center;\"><span style=\"color: #333399; font-family: helvetica,arial,sans-serif; font-size: 14pt;\">Identification et cartographie des risques d\u00e9taill\u00e9s<\/span><\/p>\n<p style=\"text-align: center;\"><span style=\"font-family: helvetica, arial, sans-serif; font-size: 14pt; color: #333399;\">Evaluation de la maturit\u00e9 de nos clients en mati\u00e8re de risque<\/span><\/p>\n<p style=\"text-align: center;\"><span style=\"font-family: helvetica, arial, sans-serif; font-size: 14pt; color: #333399;\">Aide au choix d\u2019outils de gouvernance, risque et conformit\u00e9<\/span><\/p>\n<p style=\"text-align: center;\"><span style=\"color: #333399; font-family: helvetica,arial,sans-serif; font-size: 14pt;\">Mise en place d&rsquo;un r\u00e9f\u00e9rentiel incidents permettant de suivre l\u2019efficacit\u00e9 du dispositif de ma\u00eetrise des risques et de l&rsquo;impact en PNB<\/span><\/p>\n\n\n<p><\/p>\n","protected":false},"excerpt":{"rendered":"<p>\u00a0 Nous voyons la r\u00e8glementation comme une opportunit\u00e9 permettant de mieux g\u00e9rer les risques &#8211; Identification et cartographie des risques d\u00e9taill\u00e9s Evaluation de la maturit\u00e9 de nos clients en mati\u00e8re de risque Aide au choix d\u2019outils de gouvernance, risque et conformit\u00e9 Mise en place d&rsquo;un r\u00e9f\u00e9rentiel incidents permettant de suivre l\u2019efficacit\u00e9 du dispositif de ma\u00eetrise [&hellip;]<\/p>\n","protected":false},"author":1,"featured_media":0,"parent":86,"menu_order":0,"comment_status":"closed","ping_status":"closed","template":"","meta":[],"_links":{"self":[{"href":"https:\/\/aeriesconsulting.com\/index.php?rest_route=\/wp\/v2\/pages\/91"}],"collection":[{"href":"https:\/\/aeriesconsulting.com\/index.php?rest_route=\/wp\/v2\/pages"}],"about":[{"href":"https:\/\/aeriesconsulting.com\/index.php?rest_route=\/wp\/v2\/types\/page"}],"author":[{"embeddable":true,"href":"https:\/\/aeriesconsulting.com\/index.php?rest_route=\/wp\/v2\/users\/1"}],"replies":[{"embeddable":true,"href":"https:\/\/aeriesconsulting.com\/index.php?rest_route=%2Fwp%2Fv2%2Fcomments&post=91"}],"version-history":[{"count":17,"href":"https:\/\/aeriesconsulting.com\/index.php?rest_route=\/wp\/v2\/pages\/91\/revisions"}],"predecessor-version":[{"id":1098,"href":"https:\/\/aeriesconsulting.com\/index.php?rest_route=\/wp\/v2\/pages\/91\/revisions\/1098"}],"up":[{"embeddable":true,"href":"https:\/\/aeriesconsulting.com\/index.php?rest_route=\/wp\/v2\/pages\/86"}],"wp:attachment":[{"href":"https:\/\/aeriesconsulting.com\/index.php?rest_route=%2Fwp%2Fv2%2Fmedia&parent=91"}],"curies":[{"name":"wp","href":"https:\/\/api.w.org\/{rel}","templated":true}]}}