{"id":996,"date":"2021-11-08T21:58:25","date_gmt":"2021-11-08T20:58:25","guid":{"rendered":"https:\/\/aeriesconsulting.com\/?page_id=996"},"modified":"2021-11-09T12:18:32","modified_gmt":"2021-11-09T11:18:32","slug":"developpement-durable","status":"publish","type":"page","link":"https:\/\/aeriesconsulting.com\/?page_id=996","title":{"rendered":"DEVELOPPEMENT DURABLE"},"content":{"rendered":"\n<h2 class=\"has-text-align-center has-text-color\" style=\"color:#333399;font-size:24px\">Nos \u00e9quipes vont vous faire b\u00e9n\u00e9ficier des opportunit\u00e9s de croissance du d\u00e9veloppement durable<\/h2>\n\n\n\n<div class=\"wp-block-columns\">\n<div class=\"wp-block-column\" style=\"flex-basis:33.33%\">\n<p><\/p>\n\n\n\n<p class=\"has-text-color has-normal-font-size\" style=\"color:#333399\"><strong>Gagnez des clients <\/strong>et <strong>remportez des contrats <\/strong>en int\u00e9grant le d\u00e9veloppement durable dans votre strat\u00e9gie <strong>tout en donnant plus de sens \u00e0 vos activit\u00e9s<\/strong><\/p>\n<\/div>\n\n\n\n<div class=\"wp-block-column\" style=\"flex-basis:33.33%\">\n<p><\/p>\n\n\n\n<p class=\"has-text-color\" style=\"color:#333399\"><strong>Motivez vos collaborateurs <\/strong>et <strong>prouvez \u00e0 vos clients et fournisseurs <\/strong>vos engagements par une certification RSE (B Corp, Ecovadis\u2026) que nous allons vous faire r\u00e9ussir<\/p>\n<\/div>\n\n\n\n<div class=\"wp-block-column\" style=\"flex-basis:33.33%\">\n<p><\/p>\n\n\n\n<p class=\"has-text-color\" style=\"color:#333399\"><strong>Financez vous <\/strong>avec l\u2019aide de notre \u00e9cosyst\u00e8me d\u2019accompagnement et de lev\u00e9e de fonds de projets et activit\u00e9s \u00e0 impacts positifs<\/p>\n<\/div>\n<\/div>\n\n\n\n<p><\/p>\n\n\n\n<figure class=\"wp-block-gallery columns-1 is-cropped\"><ul class=\"blocks-gallery-grid\"><li class=\"blocks-gallery-item\"><figure><img loading=\"lazy\" width=\"850\" height=\"383\" src=\"https:\/\/aeriesconsulting.com\/wp-content\/uploads\/2021\/11\/Image1.png\" alt=\"\" data-id=\"1002\" data-full-url=\"https:\/\/aeriesconsulting.com\/wp-content\/uploads\/2021\/11\/Image1.png\" data-link=\"https:\/\/aeriesconsulting.com\/?attachment_id=1002\" class=\"wp-image-1002\" srcset=\"https:\/\/aeriesconsulting.com\/wp-content\/uploads\/2021\/11\/Image1.png 850w, https:\/\/aeriesconsulting.com\/wp-content\/uploads\/2021\/11\/Image1-300x135.png 300w, https:\/\/aeriesconsulting.com\/wp-content\/uploads\/2021\/11\/Image1-768x346.png 768w\" sizes=\"(max-width: 850px) 100vw, 850px\" \/><\/figure><\/li><\/ul><\/figure>\n","protected":false},"excerpt":{"rendered":"<p>Nos \u00e9quipes vont vous faire b\u00e9n\u00e9ficier des opportunit\u00e9s de croissance du d\u00e9veloppement durable Gagnez des clients et remportez des contrats en int\u00e9grant le d\u00e9veloppement durable dans votre strat\u00e9gie tout en donnant plus de sens \u00e0 vos activit\u00e9s Motivez vos collaborateurs et prouvez \u00e0 vos clients et fournisseurs vos engagements par une certification RSE (B Corp, [&hellip;]<\/p>\n","protected":false},"author":1,"featured_media":0,"parent":86,"menu_order":0,"comment_status":"closed","ping_status":"closed","template":"","meta":[],"_links":{"self":[{"href":"https:\/\/aeriesconsulting.com\/index.php?rest_route=\/wp\/v2\/pages\/996"}],"collection":[{"href":"https:\/\/aeriesconsulting.com\/index.php?rest_route=\/wp\/v2\/pages"}],"about":[{"href":"https:\/\/aeriesconsulting.com\/index.php?rest_route=\/wp\/v2\/types\/page"}],"author":[{"embeddable":true,"href":"https:\/\/aeriesconsulting.com\/index.php?rest_route=\/wp\/v2\/users\/1"}],"replies":[{"embeddable":true,"href":"https:\/\/aeriesconsulting.com\/index.php?rest_route=%2Fwp%2Fv2%2Fcomments&post=996"}],"version-history":[{"count":21,"href":"https:\/\/aeriesconsulting.com\/index.php?rest_route=\/wp\/v2\/pages\/996\/revisions"}],"predecessor-version":[{"id":1050,"href":"https:\/\/aeriesconsulting.com\/index.php?rest_route=\/wp\/v2\/pages\/996\/revisions\/1050"}],"up":[{"embeddable":true,"href":"https:\/\/aeriesconsulting.com\/index.php?rest_route=\/wp\/v2\/pages\/86"}],"wp:attachment":[{"href":"https:\/\/aeriesconsulting.com\/index.php?rest_route=%2Fwp%2Fv2%2Fmedia&parent=996"}],"curies":[{"name":"wp","href":"https:\/\/api.w.org\/{rel}","templated":true}]}}